{"id":49451,"date":"2022-09-15T09:36:09","date_gmt":"2022-09-15T06:36:09","guid":{"rendered":"https:\/\/kehitys.ecw.hyme.fi\/?page_id=49451"},"modified":"2023-08-03T00:14:00","modified_gmt":"2023-08-02T21:14:00","slug":"company","status":"publish","type":"page","link":"https:\/\/ecw.fi\/nb\/selskap\/","title":{"rendered":"Euro Car Wash Oy Selskaps- og kontaktinformasjon"},"content":{"rendered":"<p>[et_pb_section fb_built=&#8221;1&#8243; custom_padding_last_edited=&#8221;on|phone&#8221; _builder_version=&#8221;4.21.0&#8243; _module_preset=&#8221;default&#8221; background_image=&#8221;https:\/\/ecw.fi\/wp-content\/uploads\/2023\/05\/DJI_0895-Large.jpg&#8221; custom_margin=&#8221;0px||0px||false|false&#8221; custom_padding=&#8221;80vh||0px||false|false&#8221; custom_padding_tablet=&#8221;80vh||0px||false|false&#8221; custom_padding_phone=&#8221;6vh||0px||false|false&#8221; hover_enabled=&#8221;0&#8243; global_colors_info=&#8221;{}&#8221; title_text=&#8221;DJI_0895 (Large)&#8221; sticky_enabled=&#8221;0&#8243;][et_pb_row _builder_version=&#8221;4.18.0&#8243; _module_preset=&#8221;default&#8221; positioning=&#8221;none&#8221; position_origin_a=&#8221;top_center&#8221; width=&#8221;100%&#8221; max_width=&#8221;2560px&#8221; module_alignment=&#8221;center&#8221; custom_margin=&#8221;||0px||false|false&#8221; custom_padding=&#8221;2px||0px||false|false&#8221; global_colors_info=&#8221;{}&#8221;][et_pb_column type=&#8221;4_4&#8243; _builder_version=&#8221;4.18.0&#8243; _module_preset=&#8221;default&#8221; global_colors_info=&#8221;{}&#8221;][\/et_pb_column][\/et_pb_row][\/et_pb_section][et_pb_section fb_built=&#8221;1&#8243; custom_padding_last_edited=&#8221;on|phone&#8221; _builder_version=&#8221;4.19.2&#8243; background_color=&#8221;RGBA(255,255,255,0)&#8221; background_image=&#8221;https:\/\/ecw.fi\/wp-content\/uploads\/2022\/11\/easywash_on_phone_flat02.jpg&#8221; custom_margin_tablet=&#8221;&#8221; custom_margin_phone=&#8221;|0px||0px|false|true&#8221; custom_margin_last_edited=&#8221;on|phone&#8221; custom_padding=&#8221;60px|0px|60px|0px|true|false&#8221; custom_padding_tablet=&#8221;60px|0px|60px|0px|true|false&#8221; custom_padding_phone=&#8221;60px|0px|60px|0px|true|false&#8221; locked=&#8221;off&#8221; global_colors_info=&#8221;{}&#8221;][et_pb_row _builder_version=&#8221;4.18.0&#8243; width=&#8221;100%&#8221; max_width=&#8221;1843px&#8221; module_alignment=&#8221;center&#8221; custom_margin=&#8221;13px|auto||auto|false|false&#8221; custom_padding=&#8221;0px|0px|55px|0px|false|false&#8221; global_colors_info=&#8221;{}&#8221;][et_pb_column type=&#8221;4_4&#8243; _builder_version=&#8221;4.16&#8243; custom_padding=&#8221;|||&#8221; global_colors_info=&#8221;{}&#8221; custom_padding__hover=&#8221;|||&#8221;][et_pb_text disabled_on=&#8221;on|off|off&#8221; _builder_version=&#8221;4.21.0&#8243; text_font=&#8221;Poppins|700|||||||&#8221; text_text_color=&#8221;#000000&#8243; text_font_size=&#8221;30px&#8221; header_font=&#8221;Poppins|500||on|||||&#8221; header_text_color=&#8221;#153959&#8243; header_font_size=&#8221;4em&#8221; positioning=&#8221;relative&#8221; position_origin_a=&#8221;top_center&#8221; text_orientation=&#8221;center&#8221; width=&#8221;100%&#8221; custom_margin=&#8221;|0px|65px|0px|false|false&#8221; custom_margin_tablet=&#8221;|0px|-58px|0px|false|false&#8221; custom_margin_phone=&#8221;|0px|10px|0px|false|false&#8221; custom_margin_last_edited=&#8221;on|phone&#8221; custom_padding=&#8221;|0px|0px|0px|false|false&#8221; hover_enabled=&#8221;0&#8243; text_font_size_tablet=&#8221;&#8221; text_font_size_phone=&#8221;20px&#8221; text_font_size_last_edited=&#8221;on|desktop&#8221; header_text_color_tablet=&#8221;#153959&#8243; header_text_color_phone=&#8221;#00060a&#8221; header_text_color_last_edited=&#8221;on|phone&#8221; header_font_size_tablet=&#8221;5em&#8221; header_font_size_phone=&#8221;2em&#8221; header_font_size_last_edited=&#8221;on|phone&#8221; global_colors_info=&#8221;{}&#8221; sticky_enabled=&#8221;0&#8243;]<\/p>\n<h1>Euro Car Wash<\/h1>\n<p>[\/et_pb_text][et_pb_text _builder_version=&#8221;4.18.0&#8243; text_font=&#8221;Roboto||||||||&#8221; text_text_color=&#8221;#000000&#8243; text_font_size=&#8221;1.3em&#8221; text_line_height=&#8221;1.5em&#8221; text_orientation=&#8221;center&#8221; max_width=&#8221;45%&#8221; max_width_tablet=&#8221;80%&#8221; max_width_phone=&#8221;90%&#8221; max_width_last_edited=&#8221;on|desktop&#8221; module_alignment=&#8221;center&#8221; custom_margin=&#8221;2px|||||&#8221; custom_padding=&#8221;0px||&#8221; global_colors_info=&#8221;{}&#8221;]Euro Car Wash Oy is part of the <strong><a href=\"http:\/\/www.pinelinegroup.com\/\" target=\"_blank\" rel=\"noreferrer noopener\">Pineline Group -companies<\/a><\/strong>.<\/p>\n<p>All our email addresses are in the format:<br \/>\nforename.lastname@ecw.fi[\/et_pb_text][\/et_pb_column][\/et_pb_row][et_pb_row column_structure=&#8221;1_3,1_3,1_3&#8243; custom_padding_last_edited=&#8221;on|phone&#8221; _builder_version=&#8221;4.19.2&#8243; background_color=&#8221;#F2F2F2&#8243; width_tablet=&#8221;&#8221; width_phone=&#8221;90%&#8221; width_last_edited=&#8221;on|phone&#8221; custom_margin=&#8221;35px|auto|40vh|auto|false|false&#8221; custom_padding=&#8221;0px|50px|0px|50px|false|true&#8221; custom_padding_tablet=&#8221;0px|50px|0px|50px|false|true&#8221; custom_padding_phone=&#8221;0px|0px|0px|0px|false|true&#8221; border_radii=&#8221;on|13px|13px|13px|13px&#8221; box_shadow_style=&#8221;preset1&#8243; box_shadow_color=&#8221;#153959&#8243; global_colors_info=&#8221;{}&#8221;][et_pb_column type=&#8221;1_3&#8243; _builder_version=&#8221;4.16&#8243; custom_padding=&#8221;|||&#8221; global_colors_info=&#8221;{}&#8221; custom_padding__hover=&#8221;|||&#8221;][et_pb_blurb title=&#8221;Headquarters&#8221; use_icon=&#8221;on&#8221; font_icon=&#8221;&#xe01c;||divi||400&#8243; icon_color=&#8221;#383838&#8243; image_icon_width=&#8221;60px&#8221; content_max_width=&#8221;100%&#8221; _builder_version=&#8221;4.18.0&#8243; header_font=&#8221;Poppins|600|||||||&#8221; header_text_align=&#8221;center&#8221; header_text_color=&#8221;#000000&#8243; header_font_size=&#8221;20px&#8221; header_line_height=&#8221;1.6em&#8221; body_font=&#8221;Roboto|300|||||||&#8221; body_text_align=&#8221;center&#8221; body_text_color=&#8221;#000000&#8243; body_font_size=&#8221;15px&#8221; body_line_height=&#8221;1.8em&#8221; custom_padding=&#8221;40px||40px||false|false&#8221; animation=&#8221;off&#8221; icon_font_size=&#8221;60px&#8221; global_colors_info=&#8221;{}&#8221;]<\/p>\n<p>Kynttil\u00e4tie 17<br \/>11710 Riihim\u00e4ki<br \/>Finland<\/p>\n<p>[\/et_pb_blurb][\/et_pb_column][et_pb_column type=&#8221;1_3&#8243; _builder_version=&#8221;4.18.0&#8243; background_enable_color=&#8221;off&#8221; custom_padding=&#8221;0px|0px|0px|0px|false|false&#8221; global_colors_info=&#8221;{}&#8221; custom_padding__hover=&#8221;|||&#8221;][et_pb_blurb title=&#8221;E-Invoices&#8221; use_icon=&#8221;on&#8221; font_icon=&#8221;&#xe003;||divi||400&#8243; icon_color=&#8221;#F2F2F2&#8243; image_icon_width=&#8221;60px&#8221; content_max_width=&#8221;100%&#8221; _builder_version=&#8221;4.18.0&#8243; header_font=&#8221;Poppins|600|||||||&#8221; header_text_align=&#8221;center&#8221; header_text_color=&#8221;#F2B90C&#8221; header_font_size=&#8221;20px&#8221; header_line_height=&#8221;1.6em&#8221; body_font=&#8221;Roboto|300|||||||&#8221; body_text_align=&#8221;center&#8221; body_text_color=&#8221;#F2F2F2&#8243; body_font_size=&#8221;15px&#8221; body_line_height=&#8221;1.8em&#8221; background_color=&#8221;#153959&#8243; background_layout=&#8221;dark&#8221; custom_padding=&#8221;40px||40px||false|false&#8221; animation=&#8221;off&#8221; box_shadow_style=&#8221;preset1&#8243; box_shadow_color=&#8221;#153959&#8243; icon_font_size=&#8221;60px&#8221; global_colors_info=&#8221;{}&#8221;]<\/p>\n<p>Euro Car Wash Oy Ltd<br \/>FI6418293000010695<br \/>Operator ID: NDEAFIHH<\/p>\n<p>[\/et_pb_blurb][\/et_pb_column][et_pb_column type=&#8221;1_3&#8243; _builder_version=&#8221;4.16&#8243; custom_padding=&#8221;|||&#8221; global_colors_info=&#8221;{}&#8221; custom_padding__hover=&#8221;|||&#8221;][et_pb_blurb title=&#8221;PDF-Invoices&#8221; use_icon=&#8221;on&#8221; font_icon=&#8221;&#xf1c1;||fa||400&#8243; icon_color=&#8221;#383838&#8243; image_icon_width=&#8221;60px&#8221; content_max_width=&#8221;100%&#8221; _builder_version=&#8221;4.19.2&#8243; header_font=&#8221;Poppins|600|||||||&#8221; header_text_align=&#8221;center&#8221; header_text_color=&#8221;#000000&#8243; header_font_size=&#8221;20px&#8221; header_line_height=&#8221;1.6em&#8221; body_font=&#8221;Roboto|300|||||||&#8221; body_text_align=&#8221;center&#8221; body_text_color=&#8221;#000000&#8243; body_font_size=&#8221;15px&#8221; body_line_height=&#8221;1.8em&#8221; custom_padding=&#8221;40px|0px|40px|0px|false|true&#8221; custom_padding_tablet=&#8221;40px|0px|40px|0px|false|true&#8221; custom_padding_phone=&#8221;40px|12px|40px|12px|false|true&#8221; custom_padding_last_edited=&#8221;on|phone&#8221; animation=&#8221;off&#8221; icon_font_size=&#8221;60px&#8221; global_colors_info=&#8221;{}&#8221;]<\/p>\n<p>We prefer E-Invoices, but if that&#8217;s not possible, we also accept invoices as a PDF file by email to address: talous@ecw.fi<\/p>\n<p>[\/et_pb_blurb][\/et_pb_column][\/et_pb_row][\/et_pb_section]<\/p>\n","protected":false},"excerpt":{"rendered":"<p>Euro Car WashEuro Car Wash Oy er en del av Pineline Group -selskapene. Alle v\u00e5re e-postadresser er i formatet: forename.lastname@ecw.fiKynttil\u00e4tie 1711710 Riihim\u00e4kiFinlandEuro Car Wash Oy LtdFI6418293000010695Operator ID: NDEAFIHHVi foretrekker e-fakturaer, men hvis det ikke er mulig, tar vi ogs\u00e5 imot fakturaer som PDF-fil p\u00e5 e-post til adressen: talous@ecw.fi<\/p>","protected":false},"author":1,"featured_media":0,"parent":0,"menu_order":0,"comment_status":"closed","ping_status":"closed","template":"","meta":{"_et_pb_use_builder":"on","_et_pb_old_content":"","_et_gb_content_width":"","inline_featured_image":false,"footnotes":""},"class_list":["post-49451","page","type-page","status-publish","hentry"],"jetpack_sharing_enabled":true,"_links":{"self":[{"href":"https:\/\/ecw.fi\/nb\/wp-json\/wp\/v2\/pages\/49451","targetHints":{"allow":["GET"]}}],"collection":[{"href":"https:\/\/ecw.fi\/nb\/wp-json\/wp\/v2\/pages"}],"about":[{"href":"https:\/\/ecw.fi\/nb\/wp-json\/wp\/v2\/types\/page"}],"author":[{"embeddable":true,"href":"https:\/\/ecw.fi\/nb\/wp-json\/wp\/v2\/users\/1"}],"replies":[{"embeddable":true,"href":"https:\/\/ecw.fi\/nb\/wp-json\/wp\/v2\/comments?post=49451"}],"version-history":[{"count":16,"href":"https:\/\/ecw.fi\/nb\/wp-json\/wp\/v2\/pages\/49451\/revisions"}],"predecessor-version":[{"id":50237,"href":"https:\/\/ecw.fi\/nb\/wp-json\/wp\/v2\/pages\/49451\/revisions\/50237"}],"wp:attachment":[{"href":"https:\/\/ecw.fi\/nb\/wp-json\/wp\/v2\/media?parent=49451"}],"curies":[{"name":"wp","href":"https:\/\/api.w.org\/{rel}","templated":true}]}}