{"id":49530,"date":"2022-10-25T15:21:07","date_gmt":"2022-10-25T15:21:07","guid":{"rendered":"https:\/\/kehitys.ecw.hyme.fi\/?page_id=49530"},"modified":"2023-05-29T03:45:58","modified_gmt":"2023-05-29T00:45:58","slug":"easywash-tuki","status":"publish","type":"page","link":"https:\/\/ecw.fi\/nb\/easywash-tuki\/","title":{"rendered":"EasyWash -tuki"},"content":{"rendered":"<p>[et_pb_section fb_built=&#8221;1&#8243; _builder_version=&#8221;4.21.0&#8243; _module_preset=&#8221;default&#8221; background_color=&#8221;#0a0000&#8243; background_size=&#8221;custom&#8221; background_image_height=&#8221;120%&#8221; background_position=&#8221;center_left&#8221; background_horizontal_offset=&#8221;0%&#8221; hover_enabled=&#8221;0&#8243; global_colors_info=&#8221;{}&#8221; sticky_enabled=&#8221;0&#8243; background_enable_image=&#8221;off&#8221;][et_pb_row _builder_version=&#8221;4.18.0&#8243; _module_preset=&#8221;default&#8221; custom_margin=&#8221;|auto|20px|auto||&#8221; custom_padding=&#8221;||15px|||&#8221; global_colors_info=&#8221;{}&#8221;][et_pb_column type=&#8221;4_4&#8243; _builder_version=&#8221;4.18.0&#8243; _module_preset=&#8221;default&#8221; global_colors_info=&#8221;{}&#8221;][et_pb_text _builder_version=&#8221;4.21.0&#8243; _module_preset=&#8221;default&#8221; text_font=&#8221;Poppins|700|||||||&#8221; text_text_color=&#8221;#F2F2F2&#8243; text_font_size=&#8221;3em&#8221; text_line_height=&#8221;1.3em&#8221; header_font=&#8221;Poppins|700||on|||||&#8221; header_text_align=&#8221;left&#8221; header_text_color=&#8221;#F2B90C&#8221; header_font_size=&#8221;1em&#8221; text_orientation=&#8221;center&#8221; hover_enabled=&#8221;0&#8243; global_colors_info=&#8221;{}&#8221; sticky_enabled=&#8221;0&#8243;]<\/p>\n<h1>EasyWash Tukipyynn\u00f6t<\/h1>\n<p>[\/et_pb_text][et_pb_text _builder_version=&#8221;4.21.0&#8243; _module_preset=&#8221;default&#8221; text_text_color=&#8221;#F2F2F2&#8243; text_font_size=&#8221;17px&#8221; text_line_height=&#8221;1.6em&#8221; custom_padding=&#8221;28px|||||&#8221; hover_enabled=&#8221;0&#8243; global_colors_info=&#8221;{}&#8221; sticky_enabled=&#8221;0&#8243;]<\/p>\n<p>Tukipyynn\u00f6t palvelusopimusasiakkaille soittopyynt\u00f6in\u00e4.<br \/>Tarkastathan, ett\u00e4 sy\u00f6tt\u00e4m\u00e4si puhelinnumero on oikea.<br \/>Tukipyynn\u00f6n j\u00e4tt\u00e4\u00e4ksesi sinun tulee olla palvelusopimusasiakas.<br \/>Jos haluat lis\u00e4tietoja koskien palvelusopimusasiakkuutta, ota yhteytt\u00e4 myyntiin.<\/p>\n<p>[\/et_pb_text][\/et_pb_column][\/et_pb_row][\/et_pb_section][et_pb_section fb_built=&#8221;1&#8243; _builder_version=&#8221;4.21.0&#8243; _module_preset=&#8221;default&#8221; global_colors_info=&#8221;{}&#8221;][et_pb_row _builder_version=&#8221;4.18.0&#8243; _module_preset=&#8221;default&#8221; global_colors_info=&#8221;{}&#8221;][et_pb_column type=&#8221;4_4&#8243; _builder_version=&#8221;4.18.0&#8243; _module_preset=&#8221;default&#8221; global_colors_info=&#8221;{}&#8221;][et_pb_code _builder_version=&#8221;4.21.0&#8243; _module_preset=&#8221;default&#8221; hover_enabled=&#8221;0&#8243; sticky_enabled=&#8221;0&#8243;]<div id=\"quform-fb4238\" class=\"quform quform-9 quform-theme-simple quform-support-page-caching\"><form id=\"quform-form-fb4238\" class=\"quform-form quform-form-9\" action=\"\/nb\/wp-json\/wp\/v2\/pages\/49530#quform-fb4238\" method=\"post\" enctype=\"multipart\/form-data\" novalidate=\"novalidate\" data-options=\"{&quot;id&quot;:9,&quot;uniqueId&quot;:&quot;fb4238&quot;,&quot;theme&quot;:&quot;simple&quot;,&quot;ajax&quot;:true,&quot;logic&quot;:{&quot;logic&quot;:[],&quot;dependents&quot;:[],&quot;elementIds&quot;:[],&quot;dependentElementIds&quot;:[],&quot;animate&quot;:true},&quot;currentPageId&quot;:1,&quot;errorsIcon&quot;:&quot;&quot;,&quot;updateFancybox&quot;:true,&quot;hasPages&quot;:false,&quot;pages&quot;:[1],&quot;pageProgressType&quot;:&quot;numbers&quot;,&quot;tooltipsEnabled&quot;:true,&quot;tooltipClasses&quot;:&quot;qtip-quform-dark qtip-shadow&quot;,&quot;tooltipMy&quot;:&quot;left center&quot;,&quot;tooltipAt&quot;:&quot;right center&quot;,&quot;isRtl&quot;:false,&quot;scrollOffset&quot;:-50,&quot;scrollSpeed&quot;:800}\"><button class=\"quform-default-submit\" name=\"quform_submit\" type=\"submit\" value=\"submit\" aria-hidden=\"true\" tabindex=\"-1\"><\/button><div class=\"quform-form-inner quform-form-inner-9\"><input type=\"hidden\" name=\"quform_form_id\" value=\"9\" \/><input type=\"hidden\" name=\"quform_form_uid\" value=\"fb4238\" \/><input type=\"hidden\" name=\"quform_count\" value=\"1\" \/><input type=\"hidden\" name=\"form_url\" value=\"https:\/\/ecw.fi\/nb\/wp-json\/wp\/v2\/pages\/49530\" \/><input type=\"hidden\" name=\"referring_url\" value=\"\" \/><input type=\"hidden\" name=\"post_id\" value=\"\" \/><input type=\"hidden\" name=\"post_title\" value=\"\" \/><input type=\"hidden\" name=\"quform_current_page_id\" value=\"1\" \/><input type=\"hidden\" name=\"quform_csrf_token\" value=\"GR0335Y9v2ywupWMtON4ilhfDGI5UrA0HqaFp0xI\" \/><div class=\"quform-elements quform-elements-9 quform-cf quform-responsive-elements-phone-landscape\"><div class=\"quform-element quform-element-page quform-page-1 quform-page-9_1 quform-cf quform-group-style-plain quform-first-page quform-last-page quform-current-page\"><div class=\"quform-child-elements\"><div class=\"quform-element quform-element-row quform-element-row-9_10 quform-2-columns quform-element-row-size-fixed quform-responsive-columns-phone-landscape\"><div class=\"quform-element quform-element-column quform-element-9_11\"><div class=\"quform-element quform-element-text quform-element-9_3 quform-cf quform-element-required\"><div class=\"quform-spacer\"><div class=\"quform-label quform-label-9_3\"><label class=\"quform-label-text\" for=\"quform_9_3_fb4238\">Sopimusnumero<span class=\"quform-required\">*<\/span><\/label><\/div><div class=\"quform-inner quform-inner-text quform-inner-9_3\"><div class=\"quform-input quform-input-text quform-input-9_3 quform-cf\"><input type=\"text\" id=\"quform_9_3_fb4238\" name=\"quform_9_3\" class=\"quform-field quform-field-text quform-field-9_3\" \/><\/div><\/div><\/div><\/div><\/div><div class=\"quform-element quform-element-column quform-element-9_12\"><div class=\"quform-element quform-element-text quform-element-9_4 quform-cf quform-element-required\"><div class=\"quform-spacer\"><div class=\"quform-label quform-label-9_4\"><label class=\"quform-label-text\" for=\"quform_9_4_fb4238\">Aseman nimi<span class=\"quform-required\">*<\/span><\/label><\/div><div class=\"quform-inner quform-inner-text quform-inner-9_4\"><div class=\"quform-input quform-input-text quform-input-9_4 quform-cf\"><input type=\"text\" id=\"quform_9_4_fb4238\" name=\"quform_9_4\" class=\"quform-field quform-field-text quform-field-9_4\" \/><\/div><\/div><\/div><\/div><\/div><\/div><div class=\"quform-element quform-element-row quform-element-row-9_13 quform-3-columns quform-element-row-size-fixed quform-responsive-columns-phone-landscape\"><div class=\"quform-element quform-element-column quform-element-9_14\"><div class=\"quform-element quform-element-text quform-element-9_5 quform-cf quform-element-required\"><div class=\"quform-spacer\"><div class=\"quform-label quform-label-9_5\"><label class=\"quform-label-text\" for=\"quform_9_5_fb4238\">Nimi<span class=\"quform-required\">*<\/span><\/label><\/div><div class=\"quform-inner quform-inner-text quform-inner-9_5\"><div class=\"quform-input quform-input-text quform-input-9_5 quform-cf\"><input type=\"text\" id=\"quform_9_5_fb4238\" name=\"quform_9_5\" class=\"quform-field quform-field-text quform-field-9_5\" \/><\/div><\/div><\/div><\/div><\/div><div class=\"quform-element quform-element-column quform-element-9_15\"><div class=\"quform-element quform-element-text quform-element-9_6 quform-cf quform-element-required\"><div class=\"quform-spacer\"><div class=\"quform-label quform-label-9_6\"><label class=\"quform-label-text\" for=\"quform_9_6_fb4238\">Puhelinnumero<span class=\"quform-required\">*<\/span><\/label><\/div><div class=\"quform-inner quform-inner-text quform-inner-9_6\"><div class=\"quform-input quform-input-text quform-input-9_6 quform-cf\"><input type=\"text\" id=\"quform_9_6_fb4238\" name=\"quform_9_6\" class=\"quform-field quform-field-text quform-field-9_6\" \/><\/div><\/div><\/div><\/div><\/div><div class=\"quform-element quform-element-column quform-element-9_16\"><div class=\"quform-element quform-element-text quform-element-9_7 quform-cf quform-element-required\"><div class=\"quform-spacer\"><div class=\"quform-label quform-label-9_7\"><label class=\"quform-label-text\" for=\"quform_9_7_fb4238\">S\u00e4hk\u00f6posti<span class=\"quform-required\">*<\/span><\/label><\/div><div class=\"quform-inner quform-inner-text quform-inner-9_7\"><div class=\"quform-input quform-input-text quform-input-9_7 quform-cf\"><input type=\"text\" id=\"quform_9_7_fb4238\" name=\"quform_9_7\" class=\"quform-field quform-field-text quform-field-9_7\" \/><\/div><\/div><\/div><\/div><\/div><\/div><div class=\"quform-element quform-element-textarea quform-element-9_9 quform-cf quform-element-required\"><div class=\"quform-spacer\"><div class=\"quform-label quform-label-9_9\"><label class=\"quform-label-text\" for=\"quform_9_9_fb4238\">Tukipyynt\u00f6ni koskee<span class=\"quform-required\">*<\/span><\/label><\/div><div class=\"quform-inner quform-inner-textarea quform-inner-9_9\"><div class=\"quform-input quform-input-textarea quform-input-9_9 quform-cf\"><textarea id=\"quform_9_9_fb4238\" name=\"quform_9_9\" class=\"quform-field quform-field-textarea quform-field-9_9\"><\/textarea><\/div><\/div><\/div><\/div><div class=\"quform-element quform-element-submit quform-element-9_2 quform-cf quform-button-style-theme\"><div class=\"quform-button-submit quform-button-submit-default quform-button-submit-9_2\"><button name=\"quform_submit\" type=\"submit\" class=\"quform-submit\" value=\"submit\"><span class=\"quform-button-text quform-button-submit-text\">L\u00e4het\u00e4<\/span><\/button><\/div><div class=\"quform-loading quform-loading-position-left quform-loading-type-spinner-1\"><div class=\"quform-loading-inner\"><div class=\"quform-loading-spinner\"><div class=\"quform-loading-spinner-inner\"><\/div><\/div><\/div><\/div><\/div><div class=\"quform-element-tree\"><label for=\"quform_9_0_fb4238\">This field should be left blank<\/label><input type=\"text\" id=\"quform_9_0_fb4238\" name=\"quform_9_0\" class=\"quform-field quform-field-tree quform-field-9_0\" tabindex=\"-1\" autocomplete=\"off\" \/><\/div><\/div><\/div><\/div><\/div><\/form><\/div>[\/et_pb_code][\/et_pb_column][\/et_pb_row][\/et_pb_section]<\/p>\n","protected":false},"excerpt":{"rendered":"<p>EasyWash Tukipyynn\u00f6tTukipyynn\u00f6t palvelusopimusasiakkaille soittopyynt\u00f6in\u00e4.Tarkastathan, ett\u00e4 sy\u00f6tt\u00e4m\u00e4si puhelinnumero on oikea.Tukipyynn\u00f6n j\u00e4tt\u00e4\u00e4ksesi sinun tulee olla palvelusopimusasiakas.Jos haluat lis\u00e4tietoja koskien palvelusopimusasiakkuutta, ota yhteytt\u00e4 myyntiin.<div id=\"quform-ad5072\" class=\"quform quform-9 quform-theme-simple quform-support-page-caching\"><form id=\"quform-form-ad5072\" class=\"quform-form quform-form-9\" action=\"\/nb\/wp-json\/wp\/v2\/pages\/49530#quform-ad5072\" method=\"post\" enctype=\"multipart\/form-data\" novalidate=\"novalidate\" data-options=\"{&quot;id&quot;:9,&quot;uniqueId&quot;:&quot;ad5072&quot;,&quot;theme&quot;:&quot;simple&quot;,&quot;ajax&quot;:true,&quot;logic&quot;:{&quot;logic&quot;:[],&quot;dependents&quot;:[],&quot;elementIds&quot;:[],&quot;dependentElementIds&quot;:[],&quot;animate&quot;:true},&quot;currentPageId&quot;:1,&quot;errorsIcon&quot;:&quot;&quot;,&quot;updateFancybox&quot;:true,&quot;hasPages&quot;:false,&quot;pages&quot;:[1],&quot;pageProgressType&quot;:&quot;numbers&quot;,&quot;tooltipsEnabled&quot;:true,&quot;tooltipClasses&quot;:&quot;qtip-quform-dark qtip-shadow&quot;,&quot;tooltipMy&quot;:&quot;left center&quot;,&quot;tooltipAt&quot;:&quot;right center&quot;,&quot;isRtl&quot;:false,&quot;scrollOffset&quot;:-50,&quot;scrollSpeed&quot;:800}\"><button class=\"quform-default-submit\" name=\"quform_submit\" type=\"submit\" value=\"submit\" aria-hidden=\"true\" tabindex=\"-1\"><\/button><div class=\"quform-form-inner quform-form-inner-9\"><input type=\"hidden\" name=\"quform_form_id\" value=\"9\" \/><input type=\"hidden\" name=\"quform_form_uid\" value=\"ad5072\" \/><input type=\"hidden\" name=\"quform_count\" value=\"2\" \/><input type=\"hidden\" name=\"form_url\" value=\"https:\/\/ecw.fi\/nb\/wp-json\/wp\/v2\/pages\/49530\" \/><input type=\"hidden\" name=\"referring_url\" value=\"\" \/><input type=\"hidden\" name=\"post_id\" value=\"\" \/><input type=\"hidden\" name=\"post_title\" value=\"\" \/><input type=\"hidden\" name=\"quform_current_page_id\" value=\"1\" \/><input type=\"hidden\" name=\"quform_csrf_token\" value=\"GR0335Y9v2ywupWMtON4ilhfDGI5UrA0HqaFp0xI\" \/><div class=\"quform-elements quform-elements-9 quform-cf quform-responsive-elements-phone-landscape\"><div class=\"quform-element quform-element-page quform-page-1 quform-page-9_1 quform-cf quform-group-style-plain quform-first-page quform-last-page quform-current-page\"><div class=\"quform-child-elements\"><div class=\"quform-element quform-element-row quform-element-row-9_10 quform-2-columns quform-element-row-size-fixed quform-responsive-columns-phone-landscape\"><div class=\"quform-element quform-element-column quform-element-9_11\"><div class=\"quform-element quform-element-text quform-element-9_3 quform-cf quform-element-required\"><div class=\"quform-spacer\"><div class=\"quform-label quform-label-9_3\"><label class=\"quform-label-text\" for=\"quform_9_3_ad5072\">Sopimusnumero<span class=\"quform-required\">*<\/span><\/label><\/div><div class=\"quform-inner quform-inner-text quform-inner-9_3\"><div class=\"quform-input quform-input-text quform-input-9_3 quform-cf\"><input type=\"text\" id=\"quform_9_3_ad5072\" name=\"quform_9_3\" class=\"quform-field quform-field-text quform-field-9_3\" \/><\/div><\/div><\/div><\/div><\/div><div class=\"quform-element quform-element-column quform-element-9_12\"><div class=\"quform-element quform-element-text quform-element-9_4 quform-cf quform-element-required\"><div class=\"quform-spacer\"><div class=\"quform-label quform-label-9_4\"><label class=\"quform-label-text\" for=\"quform_9_4_ad5072\">Aseman nimi<span class=\"quform-required\">*<\/span><\/label><\/div><div class=\"quform-inner quform-inner-text quform-inner-9_4\"><div class=\"quform-input quform-input-text quform-input-9_4 quform-cf\"><input type=\"text\" id=\"quform_9_4_ad5072\" name=\"quform_9_4\" class=\"quform-field quform-field-text quform-field-9_4\" \/><\/div><\/div><\/div><\/div><\/div><\/div><div class=\"quform-element quform-element-row quform-element-row-9_13 quform-3-columns quform-element-row-size-fixed quform-responsive-columns-phone-landscape\"><div class=\"quform-element quform-element-column quform-element-9_14\"><div class=\"quform-element quform-element-text quform-element-9_5 quform-cf quform-element-required\"><div class=\"quform-spacer\"><div class=\"quform-label quform-label-9_5\"><label class=\"quform-label-text\" for=\"quform_9_5_ad5072\">Nimi<span class=\"quform-required\">*<\/span><\/label><\/div><div class=\"quform-inner quform-inner-text quform-inner-9_5\"><div class=\"quform-input quform-input-text quform-input-9_5 quform-cf\"><input type=\"text\" id=\"quform_9_5_ad5072\" name=\"quform_9_5\" class=\"quform-field quform-field-text quform-field-9_5\" \/><\/div><\/div><\/div><\/div><\/div><div class=\"quform-element quform-element-column quform-element-9_15\"><div class=\"quform-element quform-element-text quform-element-9_6 quform-cf quform-element-required\"><div class=\"quform-spacer\"><div class=\"quform-label quform-label-9_6\"><label class=\"quform-label-text\" for=\"quform_9_6_ad5072\">Puhelinnumero<span class=\"quform-required\">*<\/span><\/label><\/div><div class=\"quform-inner quform-inner-text quform-inner-9_6\"><div class=\"quform-input quform-input-text quform-input-9_6 quform-cf\"><input type=\"text\" id=\"quform_9_6_ad5072\" name=\"quform_9_6\" class=\"quform-field quform-field-text quform-field-9_6\" \/><\/div><\/div><\/div><\/div><\/div><div class=\"quform-element quform-element-column quform-element-9_16\"><div class=\"quform-element quform-element-text quform-element-9_7 quform-cf quform-element-required\"><div class=\"quform-spacer\"><div class=\"quform-label quform-label-9_7\"><label class=\"quform-label-text\" for=\"quform_9_7_ad5072\">S\u00e4hk\u00f6posti<span class=\"quform-required\">*<\/span><\/label><\/div><div class=\"quform-inner quform-inner-text quform-inner-9_7\"><div class=\"quform-input quform-input-text quform-input-9_7 quform-cf\"><input type=\"text\" id=\"quform_9_7_ad5072\" name=\"quform_9_7\" class=\"quform-field quform-field-text quform-field-9_7\" \/><\/div><\/div><\/div><\/div><\/div><\/div><div class=\"quform-element quform-element-textarea quform-element-9_9 quform-cf quform-element-required\"><div class=\"quform-spacer\"><div class=\"quform-label quform-label-9_9\"><label class=\"quform-label-text\" for=\"quform_9_9_ad5072\">Tukipyynt\u00f6ni koskee<span class=\"quform-required\">*<\/span><\/label><\/div><div class=\"quform-inner quform-inner-textarea quform-inner-9_9\"><div class=\"quform-input quform-input-textarea quform-input-9_9 quform-cf\"><textarea id=\"quform_9_9_ad5072\" name=\"quform_9_9\" class=\"quform-field quform-field-textarea quform-field-9_9\"><\/textarea><\/div><\/div><\/div><\/div><div class=\"quform-element quform-element-submit quform-element-9_2 quform-cf quform-button-style-theme\"><div class=\"quform-button-submit quform-button-submit-default quform-button-submit-9_2\"><button name=\"quform_submit\" type=\"submit\" class=\"quform-submit\" value=\"submit\"><span class=\"quform-button-text quform-button-submit-text\">L\u00e4het\u00e4<\/span><\/button><\/div><div class=\"quform-loading quform-loading-position-left quform-loading-type-spinner-1\"><div class=\"quform-loading-inner\"><div class=\"quform-loading-spinner\"><div class=\"quform-loading-spinner-inner\"><\/div><\/div><\/div><\/div><\/div><div class=\"quform-element-tree\"><label for=\"quform_9_0_ad5072\">This field should be left blank<\/label><input type=\"text\" id=\"quform_9_0_ad5072\" name=\"quform_9_0\" class=\"quform-field quform-field-tree quform-field-9_0\" tabindex=\"-1\" autocomplete=\"off\" \/><\/div><\/div><\/div><\/div><\/div><\/form><\/div><\/p>\n","protected":false},"author":1,"featured_media":0,"parent":0,"menu_order":0,"comment_status":"closed","ping_status":"closed","template":"","meta":{"_et_pb_use_builder":"on","_et_pb_old_content":"","_et_gb_content_width":"","inline_featured_image":false,"footnotes":""},"class_list":["post-49530","page","type-page","status-publish","hentry"],"jetpack_sharing_enabled":true,"_links":{"self":[{"href":"https:\/\/ecw.fi\/nb\/wp-json\/wp\/v2\/pages\/49530","targetHints":{"allow":["GET"]}}],"collection":[{"href":"https:\/\/ecw.fi\/nb\/wp-json\/wp\/v2\/pages"}],"about":[{"href":"https:\/\/ecw.fi\/nb\/wp-json\/wp\/v2\/types\/page"}],"author":[{"embeddable":true,"href":"https:\/\/ecw.fi\/nb\/wp-json\/wp\/v2\/users\/1"}],"replies":[{"embeddable":true,"href":"https:\/\/ecw.fi\/nb\/wp-json\/wp\/v2\/comments?post=49530"}],"version-history":[{"count":9,"href":"https:\/\/ecw.fi\/nb\/wp-json\/wp\/v2\/pages\/49530\/revisions"}],"predecessor-version":[{"id":50005,"href":"https:\/\/ecw.fi\/nb\/wp-json\/wp\/v2\/pages\/49530\/revisions\/50005"}],"wp:attachment":[{"href":"https:\/\/ecw.fi\/nb\/wp-json\/wp\/v2\/media?parent=49530"}],"curies":[{"name":"wp","href":"https:\/\/api.w.org\/{rel}","templated":true}]}}